{"id":75,"date":"2024-09-04T08:31:27","date_gmt":"2024-09-04T11:31:27","guid":{"rendered":"https:\/\/licoenf.com\/en\/?page_id=75"},"modified":"2024-10-08T08:17:24","modified_gmt":"2024-10-08T11:17:24","slug":"projetos-de-extensao","status":"publish","type":"page","link":"https:\/\/licoenf.com\/en\/projetos\/projetos-de-extensao\/","title":{"rendered":"Projetos de Extens\u00e3o"},"content":{"rendered":"<p>[et_pb_section fb_built=&#8221;1&#8243; _builder_version=&#8221;4.27.0&#8243; _module_preset=&#8221;default&#8221; global_colors_info=&#8221;{}&#8221;][et_pb_row _builder_version=&#8221;4.27.0&#8243; _module_preset=&#8221;default&#8221; global_colors_info=&#8221;{}&#8221;][et_pb_column type=&#8221;4_4&#8243; _builder_version=&#8221;4.27.0&#8243; _module_preset=&#8221;default&#8221; global_colors_info=&#8221;{}&#8221;][et_pb_cta title=&#8221;Extension Projects&#8221; button_text=&#8221;Cliques&#8221; _builder_version=&#8221;4.27.0&#8243; _module_preset=&#8221;41ea737b-b9b7-4c51-a57b-aecb354cd800&#8243; background_color=&#8221;#3259A0&#8243; global_colors_info=&#8221;{}&#8221;][\/et_pb_cta][et_pb_image src=&#8221;https:\/\/licoenf.com\/en\/wp-content\/uploads\/sites\/4\/2024\/10\/magnifying-glass-1607208_1280.jpg&#8221; title_text=&#8221;magnifying-glass-1607208_1280&#8243; _builder_version=&#8221;4.27.2&#8243; _module_preset=&#8221;default&#8221; custom_margin=&#8221;||-2px|||&#8221; global_colors_info=&#8221;{}&#8221;][\/et_pb_image][et_pb_text _builder_version=&#8221;4.27.2&#8243; _module_preset=&#8221;default&#8221; text_font_size=&#8221;12px&#8221; global_colors_info=&#8221;{}&#8221;]<\/p>\n<p>Imagem de <a href=\"https:\/\/pixabay.com\/pt\/users\/geralt-9301\/?utm_source=link-attribution&amp;utm_medium=referral&amp;utm_campaign=image&amp;utm_content=1607208\">Gerd Altmann<\/a> por <a href=\"https:\/\/pixabay.com\/pt\/\/?utm_source=link-attribution&amp;utm_medium=referral&amp;utm_campaign=image&amp;utm_content=1607208\">Pixabay<\/a><\/p>\n<p>[\/et_pb_text][\/et_pb_column][\/et_pb_row][et_pb_row _builder_version=&#8221;4.27.0&#8243; _module_preset=&#8221;default&#8221; global_colors_info=&#8221;{}&#8221;][et_pb_column type=&#8221;4_4&#8243; _builder_version=&#8221;4.27.0&#8243; _module_preset=&#8221;default&#8221; global_colors_info=&#8221;{}&#8221;][et_pb_cta title=&#8221;Concluded Projects&#8221; button_text=&#8221;Cliques&#8221; _builder_version=&#8221;4.27.0&#8243; _module_preset=&#8221;41ea737b-b9b7-4c51-a57b-aecb354cd800&#8243; background_color=&#8221;#12876F&#8221; global_colors_info=&#8221;{}&#8221;][\/et_pb_cta][et_pb_accordion _builder_version=&#8221;4.27.2&#8243; _module_preset=&#8221;default&#8221; hover_enabled=&#8221;0&#8243; global_colors_info=&#8221;{}&#8221; sticky_enabled=&#8221;0&#8243;][et_pb_accordion_item _builder_version=&#8221;4.27.2&#8243; _module_preset=&#8221;default&#8221; custom_css_free_form=&#8221;selector {||  display: none;||}&#8221; global_colors_info=&#8221;{}&#8221; open=&#8221;on&#8221;][\/et_pb_accordion_item][et_pb_accordion_item title=&#8221;Application of the Escape Room as a strategy for learning leadership soft skills&#8221; open=&#8221;off&#8221; _builder_version=&#8221;4.27.2&#8243; _module_preset=&#8221;default&#8221; hover_enabled=&#8221;0&#8243; global_colors_info=&#8221;{}&#8221; sticky_enabled=&#8221;0&#8243;]<\/p>\n<p><strong>Description:<\/strong> Nursing training requires the development of skills, which is emphasized as one of the competencies in Brazilian National Curricular Guidelines (in Portuguese, DCNs &#8211; <em>Diretrizes Curriculares Nacionais<\/em>) for nursing practice: leadership. Studying and recognizing the different leadership styles during the nursing course will help in the initial performance as a professional.<\/p>\n<p>Therefore, it is possible that universities adopt different strategies during the teaching-learning process to facilitate nursing students\u2019 understanding of the importance of this competency in professional practice. Thus, this project aims to create training spaces, helping to socialize knowledge, perceptions and exchange experiences among employees and administrative technicians, with professors and students acting as intermediaries in discussions about leadership soft skills, providing opportunities, through gamification, for the development of a set of practices to support workers\u2019 behaviors in favor of engagement and integration, in addition to bringing gains to students in terms of understanding reality.<\/p>\n<p>Games encourage social interaction, favor emotional aspects and stimulate motor and cognitive skills that are important in the leadership process. The methodology will be action research, where the Escape Room game will be applied. Through puzzles and tangible challenges, students will follow strategies that will involve collaborative work, engagement, communication, decision-making, conflict management, among other essential characteristics of a successful leader.<\/p>\n<p>It is expected that this project will enable discussions and reflections on leadership soft skills in the nursing course, meeting the goals of the current EEUSP Academic Project.<\/p>\n<p>2024-2024 &#8211; Unified Scholarship Program for Support and Training of Undergraduate Students (in Portuguese, PUB-USP &#8211; <em>Programa Unificado de Bolsas de Estudo Para Apoio e Forma\u00e7\u00e3o de Estudantes de Gradua\u00e7\u00e3o<\/em>).<\/p>\n<p>[\/et_pb_accordion_item][et_pb_accordion_item title=&#8221;Project Develop: Leadership and Safe Work Environment&#8221; _builder_version=&#8221;4.27.2&#8243; _module_preset=&#8221;default&#8221; hover_enabled=&#8221;0&#8243; global_colors_info=&#8221;{}&#8221; open=&#8221;off&#8221; sticky_enabled=&#8221;0&#8243;]<\/p>\n<p><strong>Description: <\/strong>Public notice 01\/2020 \u2013 Dean\u2019s Office of Culture and University Extension Promotion of Culture and Extension Initiatives Linked to the UN SDGs. The objective is to develop the leadership of nursing professionals who hold positions as directors, department heads, managers, coordinators or supervisors of area units, directorships and\/or departments in public or private hospitals in any region of the country with a focus on occupational health safety management.<\/p>\n<p>[\/et_pb_accordion_item][et_pb_accordion_item title=&#8221;Mental Health at Work: Developing Nursing Leadership&#8221; _builder_version=&#8221;4.27.2&#8243; _module_preset=&#8221;default&#8221; hover_enabled=&#8221;0&#8243; global_colors_info=&#8221;{}&#8221; open=&#8221;off&#8221; sticky_enabled=&#8221;0&#8243;]<\/p>\n<p><strong>Description:<\/strong> Public notice 02\/2020-2021 &#8211; Learning in the Community Program of Dean\u2019s Office for Undergraduate Studies, which aims to develop students in extramural activities.<\/p>\n<p>Project coordinated with the research group of USP\u2019s University Hospital (UH) in partnership with the Teaching and Quality Service (UH) and the GESTE research group.<\/p>\n<p>[\/et_pb_accordion_item][\/et_pb_accordion][\/et_pb_column][\/et_pb_row][\/et_pb_section]<\/p>\n","protected":false},"excerpt":{"rendered":"<p>Imagem de Gerd Altmann por PixabayDescription: Nursing training requires the development of skills, which is emphasized as one of the competencies in Brazilian National Curricular Guidelines (in Portuguese, DCNs &#8211; Diretrizes Curriculares Nacionais) for nursing practice: leadership. Studying and recognizing the different leadership styles during the nursing course will help in the initial performance as [&hellip;]<\/p>\n","protected":false},"author":1,"featured_media":0,"parent":101,"menu_order":0,"comment_status":"closed","ping_status":"closed","template":"","meta":{"_et_pb_use_builder":"on","_et_pb_old_content":"","_et_gb_content_width":"","footnotes":""},"class_list":["post-75","page","type-page","status-publish","hentry"],"_links":{"self":[{"href":"https:\/\/licoenf.com\/en\/wp-json\/wp\/v2\/pages\/75","targetHints":{"allow":["GET"]}}],"collection":[{"href":"https:\/\/licoenf.com\/en\/wp-json\/wp\/v2\/pages"}],"about":[{"href":"https:\/\/licoenf.com\/en\/wp-json\/wp\/v2\/types\/page"}],"author":[{"embeddable":true,"href":"https:\/\/licoenf.com\/en\/wp-json\/wp\/v2\/users\/1"}],"replies":[{"embeddable":true,"href":"https:\/\/licoenf.com\/en\/wp-json\/wp\/v2\/comments?post=75"}],"version-history":[{"count":5,"href":"https:\/\/licoenf.com\/en\/wp-json\/wp\/v2\/pages\/75\/revisions"}],"predecessor-version":[{"id":298,"href":"https:\/\/licoenf.com\/en\/wp-json\/wp\/v2\/pages\/75\/revisions\/298"}],"up":[{"embeddable":true,"href":"https:\/\/licoenf.com\/en\/wp-json\/wp\/v2\/pages\/101"}],"wp:attachment":[{"href":"https:\/\/licoenf.com\/en\/wp-json\/wp\/v2\/media?parent=75"}],"curies":[{"name":"wp","href":"https:\/\/api.w.org\/{rel}","templated":true}]}}