{"id":82,"date":"2024-09-04T08:36:00","date_gmt":"2024-09-04T11:36:00","guid":{"rendered":"https:\/\/licoenf.com\/en\/?page_id=82"},"modified":"2024-10-08T08:27:35","modified_gmt":"2024-10-08T11:27:35","slug":"projetos-de-ensino","status":"publish","type":"page","link":"https:\/\/licoenf.com\/en\/projetos\/projetos-de-ensino\/","title":{"rendered":"Projetos de Ensino"},"content":{"rendered":"<p>[et_pb_section fb_built=&#8221;1&#8243; _builder_version=&#8221;4.27.0&#8243; _module_preset=&#8221;default&#8221; global_colors_info=&#8221;{}&#8221;][et_pb_row _builder_version=&#8221;4.27.0&#8243; _module_preset=&#8221;default&#8221; global_colors_info=&#8221;{}&#8221;][et_pb_column type=&#8221;4_4&#8243; _builder_version=&#8221;4.27.0&#8243; _module_preset=&#8221;default&#8221; global_colors_info=&#8221;{}&#8221;][et_pb_cta title=&#8221;Teaching Projects&#8221; button_text=&#8221;Cliques&#8221; _builder_version=&#8221;4.27.0&#8243; _module_preset=&#8221;41ea737b-b9b7-4c51-a57b-aecb354cd800&#8243; background_color=&#8221;#3259A0&#8243; global_colors_info=&#8221;{}&#8221;][\/et_pb_cta][et_pb_image src=&#8221;https:\/\/licoenf.com\/en\/wp-content\/uploads\/sites\/4\/2024\/10\/to-learn-4226948_1280-e1728079155201.jpg&#8221; title_text=&#8221;to-learn-4226948_1280&#8243; _builder_version=&#8221;4.27.2&#8243; _module_preset=&#8221;default&#8221; custom_margin=&#8221;||0px|||&#8221; global_colors_info=&#8221;{}&#8221;][\/et_pb_image][et_pb_text _builder_version=&#8221;4.27.2&#8243; _module_preset=&#8221;default&#8221; text_font_size=&#8221;12px&#8221; global_colors_info=&#8221;{}&#8221;]<\/p>\n<p>Imagem de <a href=\"https:\/\/pixabay.com\/pt\/users\/geralt-9301\/?utm_source=link-attribution&amp;utm_medium=referral&amp;utm_campaign=image&amp;utm_content=1607208\">Gerd Altmann<\/a> por <a href=\"https:\/\/pixabay.com\/pt\/\/?utm_source=link-attribution&amp;utm_medium=referral&amp;utm_campaign=image&amp;utm_content=1607208\">Pixabay<\/a><\/p>\n<p>[\/et_pb_text][et_pb_cta title=&#8221;Ongoing Projects&#8221; button_text=&#8221;Cliques&#8221; _builder_version=&#8221;4.27.2&#8243; _module_preset=&#8221;41ea737b-b9b7-4c51-a57b-aecb354cd800&#8243; background_color=&#8221;#5692CE&#8221; global_colors_info=&#8221;{}&#8221;][\/et_pb_cta][et_pb_accordion _builder_version=&#8221;4.27.2&#8243; _module_preset=&#8221;default&#8221; hover_enabled=&#8221;0&#8243; global_colors_info=&#8221;{}&#8221; sticky_enabled=&#8221;0&#8243;][et_pb_accordion_item open=&#8221;on&#8221; _builder_version=&#8221;4.27.2&#8243; _module_preset=&#8221;default&#8221; custom_css_free_form=&#8221;selector {||  display: none;||}&#8221; global_colors_info=&#8221;{}&#8221;][\/et_pb_accordion_item][et_pb_accordion_item title=&#8221;Leadership Styles of Nursing Professors at the Universidade de S\u00e3o Paulo: transforming educational systems with efficiency and quality.&#8221; _builder_version=&#8221;4.27.2&#8243; _module_preset=&#8221;default&#8221; hover_enabled=&#8221;0&#8243; global_colors_info=&#8221;{}&#8221; open=&#8221;off&#8221; sticky_enabled=&#8221;0&#8243;]<\/p>\n<p><strong>Description:<\/strong> Institutional Program of Scientific Initiation Scholarships (in Portuguese, PIBIC &#8211; <em>Programa Institucional de Bolsas de Inicia\u00e7\u00e3o Cient\u00edfica<\/em>) 2021\/2022. The study takes as its object the professor in the role of leader in the nursing course at the <em>Universidade de S\u00e3o Paulo<\/em> (USP).<\/p>\n<p>2021-2022 &#8211; Unified Scholarship Program for Support and Training of Undergraduate Students (in Portuguese, PUB-USP &#8211; <em>Programa Unificado de Bolsas de Estudo Para Apoio e Forma\u00e7\u00e3o de Estudantes de Gradua\u00e7\u00e3o<\/em>).<\/p>\n<p>[\/et_pb_accordion_item][et_pb_accordion_item title=&#8221;Assessment of teaching-learning of leadership skills of nursing students trained in a high-fidelity simulated environment.&#8221; _builder_version=&#8221;4.27.2&#8243; _module_preset=&#8221;default&#8221; hover_enabled=&#8221;0&#8243; global_colors_info=&#8221;{}&#8221; open=&#8221;off&#8221; sticky_enabled=&#8221;0&#8243;]<\/p>\n<p><strong>Description:<\/strong> The objective of this project is to measure aspects of the structure and perception of teaching-learning of leadership skills of nursing students trained in a high-fidelity simulated environment. To this end, a cross-sectional, quantitative study will be conducted, which is being developed in a high-performance realistic simulation laboratory at the University of Florida and the USP School of Nursing.<\/p>\n<p>Clinical simulation scenarios are used, where the leadership skills that nurses need to have are listed. To measure the didactic\/scenario aspects, four American scales that have been validated for Brazil are applied:<\/p>\n<ol>\n<li>Student Satisfaction and Self-Confidence in Learning,<\/li>\n<li>Debriefing Experience Scale,<\/li>\n<li>Simulation Design Scale and<\/li>\n<li>Educational Practices Questionnaire.<\/li>\n<\/ol>\n<p>It is expected to consolidate, reinforce and strengthen the potential of using clinical simulation strategies for the development of leadership skills, understanding specific characteristics about the way in which the individual assimilates the clinical simulation scenario, strengthening this teaching strategy and contributing to the development of specific items of the strategy.<\/p>\n<p>[\/et_pb_accordion_item][\/et_pb_accordion][et_pb_cta title=&#8221;Concluded Projects&#8221; button_text=&#8221;Cliques&#8221; _builder_version=&#8221;4.27.0&#8243; _module_preset=&#8221;41ea737b-b9b7-4c51-a57b-aecb354cd800&#8243; background_color=&#8221;#12876F&#8221; global_colors_info=&#8221;{}&#8221;][\/et_pb_cta][et_pb_accordion _builder_version=&#8221;4.27.2&#8243; _module_preset=&#8221;default&#8221; hover_enabled=&#8221;0&#8243; global_colors_info=&#8221;{}&#8221; sticky_enabled=&#8221;0&#8243;][et_pb_accordion_item open=&#8221;on&#8221; _builder_version=&#8221;4.27.2&#8243; _module_preset=&#8221;default&#8221; custom_css_free_form=&#8221;selector {||  display: none;||}&#8221; global_colors_info=&#8221;{}&#8221;][\/et_pb_accordion_item][et_pb_accordion_item title=&#8221;Project Develop: Leadership and the Pedagogy of Movement&#8221; _builder_version=&#8221;4.27.2&#8243; _module_preset=&#8221;default&#8221; hover_enabled=&#8221;0&#8243; global_colors_info=&#8221;{}&#8221; open=&#8221;off&#8221; sticky_enabled=&#8221;0&#8243;]<\/p>\n<p><strong>Description:<\/strong> The objective of this teaching project is the teaching and learning of leadership in the nursing course. Nursing training is guided by the historical, political and social process of a period, where the inserted public policies are what guide the structuring of teaching. Thus, it is observed that training health professionals requires the development of skills, being emphasized as one of the skills in the Brazilian National Curricular Guidelines (in Portuguese, DCNs &#8211; <em>Diretrizes Curriculares Nacionais<\/em>) for the exercise of nursing leadership.<\/p>\n<p>Leadership is the ability to influence people, a skill that can and should be developed in sports. In sports, there is no shortage of examples of great personalities who stood out for their leadership skills and made their mark on history with titles, trophies and records. In sports, there is no shortage of examples of great personalities who stood out for their leadership skills and made their mark on history with titles, trophies and records. There are several names of great sports leaders both in Brazil and abroad and in different sports, and Bernardinho (volleyball), Marta (soccer), Roger Federer (tennis) and Amyr Klink (sailor) are some examples.<\/p>\n<p>Personality characteristics of individuals may or may not be adapted to make them good leaders. In this context, human values \u200b\u200bcan affect individual behavior. Therefore, it is possible to assume that they can also influence attitudes towards leaders\u2019 leadership styles and behavior in an organizational or health service context. Therefore, it is expected that the application of sports and movement pedagogy can contribute to student training regarding the development of leadership and interpersonal relationships, and the process of working\/experiencing body practices will aim at improving body perception with consequent progress in actions\/interactions with the real world.<\/p>\n<p>2022-2023 &#8211; Unified Scholarship Program for Support and Training of Undergraduate Students (in Portuguese, PUB-USP &#8211; <em>Programa Unificado de Bolsas de Estudo Para Apoio e Forma\u00e7\u00e3o de Estudantes de Gradua\u00e7\u00e3o<\/em>).<\/p>\n<p>[\/et_pb_accordion_item][\/et_pb_accordion][\/et_pb_column][\/et_pb_row][\/et_pb_section]<\/p>\n","protected":false},"excerpt":{"rendered":"<p>Imagem de Gerd Altmann por PixabayDescription: Institutional Program of Scientific Initiation Scholarships (in Portuguese, PIBIC &#8211; Programa Institucional de Bolsas de Inicia\u00e7\u00e3o Cient\u00edfica) 2021\/2022. The study takes as its object the professor in the role of leader in the nursing course at the Universidade de S\u00e3o Paulo (USP). 2021-2022 &#8211; Unified Scholarship Program for Support [&hellip;]<\/p>\n","protected":false},"author":1,"featured_media":0,"parent":101,"menu_order":0,"comment_status":"closed","ping_status":"closed","template":"","meta":{"_et_pb_use_builder":"on","_et_pb_old_content":"","_et_gb_content_width":"","footnotes":""},"class_list":["post-82","page","type-page","status-publish","hentry"],"_links":{"self":[{"href":"https:\/\/licoenf.com\/en\/wp-json\/wp\/v2\/pages\/82","targetHints":{"allow":["GET"]}}],"collection":[{"href":"https:\/\/licoenf.com\/en\/wp-json\/wp\/v2\/pages"}],"about":[{"href":"https:\/\/licoenf.com\/en\/wp-json\/wp\/v2\/types\/page"}],"author":[{"embeddable":true,"href":"https:\/\/licoenf.com\/en\/wp-json\/wp\/v2\/users\/1"}],"replies":[{"embeddable":true,"href":"https:\/\/licoenf.com\/en\/wp-json\/wp\/v2\/comments?post=82"}],"version-history":[{"count":6,"href":"https:\/\/licoenf.com\/en\/wp-json\/wp\/v2\/pages\/82\/revisions"}],"predecessor-version":[{"id":301,"href":"https:\/\/licoenf.com\/en\/wp-json\/wp\/v2\/pages\/82\/revisions\/301"}],"up":[{"embeddable":true,"href":"https:\/\/licoenf.com\/en\/wp-json\/wp\/v2\/pages\/101"}],"wp:attachment":[{"href":"https:\/\/licoenf.com\/en\/wp-json\/wp\/v2\/media?parent=82"}],"curies":[{"name":"wp","href":"https:\/\/api.w.org\/{rel}","templated":true}]}}