{"id":236,"date":"2024-09-30T08:08:57","date_gmt":"2024-09-30T11:08:57","guid":{"rendered":"https:\/\/licoenf.com\/es\/?page_id=236"},"modified":"2024-10-08T09:23:03","modified_gmt":"2024-10-08T12:23:03","slug":"biblioteca","status":"publish","type":"page","link":"https:\/\/licoenf.com\/es\/biblioteca\/","title":{"rendered":"Biblioteca"},"content":{"rendered":"<p>[et_pb_section fb_built=\u00bb1&#8243; _builder_version=\u00bb4.27.0&#8243; _module_preset=\u00bbdefault\u00bb global_colors_info=\u00bb{}\u00bb][et_pb_row _builder_version=\u00bb4.27.0&#8243; _module_preset=\u00bbdefault\u00bb global_colors_info=\u00bb{}\u00bb][et_pb_column type=\u00bb4_4&#8243; _builder_version=\u00bb4.27.0&#8243; _module_preset=\u00bbdefault\u00bb global_colors_info=\u00bb{}\u00bb][et_pb_cta title=\u00bbBiblioteca\u00bb button_text=\u00bbCliques\u00bb _builder_version=\u00bb4.27.0&#8243; _module_preset=\u00bb41ea737b-b9b7-4c51-a57b-aecb354cd800&#8243; background_color=\u00bb#3259A0&#8243; global_colors_info=\u00bb{}\u00bb][\/et_pb_cta][\/et_pb_column][\/et_pb_row][et_pb_row _builder_version=\u00bb4.27.0&#8243; _module_preset=\u00bbdefault\u00bb global_colors_info=\u00bb{}\u00bb][et_pb_column type=\u00bb4_4&#8243; _builder_version=\u00bb4.27.0&#8243; _module_preset=\u00bbdefault\u00bb global_colors_info=\u00bb{}\u00bb][et_pb_text _builder_version=\u00bb4.27.2&#8243; _module_preset=\u00bbdefault\u00bb hover_enabled=\u00bb0&#8243; global_colors_info=\u00bb{}\u00bb sticky_enabled=\u00bb0&#8243;]<\/p>\n<p><a href=\"https:\/\/licoenf.com\/es\/wp-content\/uploads\/sites\/5\/2024\/09\/Lideranca-coaching-questionario-de-percepcao-de-lideres.pdf\" rel=\"attachment noopener wp-att-249\" target=\"_blank\">Coaching de liderazgo: Cuestionario de percepci\u00f3n de l\u00edderes<\/a><\/p>\n<p><a href=\"https:\/\/licoenf.com\/es\/wp-content\/uploads\/sites\/5\/2024\/09\/Escala-NPVS_3-Validada-para-o-Brasil.pdf\" rel=\"attachment noopener wp-att-248\" target=\"_blank\">Escala NPVS_3 validada para Brasil<\/a><\/p>\n<p><a href=\"https:\/\/licoenf.com\/es\/wp-content\/uploads\/sites\/5\/2024\/09\/Escala-de-lideranca-autentica.pdf\" rel=\"attachment noopener wp-att-247\" target=\"_blank\">Escala de liderazgo aut\u00e9ntico<\/a><\/p>\n<p>[\/et_pb_text][\/et_pb_column][\/et_pb_row][\/et_pb_section]<\/p>\n","protected":false},"excerpt":{"rendered":"<p>Coaching de liderazgo: Cuestionario de percepci\u00f3n de l\u00edderes Escala NPVS_3 validada para Brasil Escala de liderazgo aut\u00e9ntico<\/p>\n","protected":false},"author":1,"featured_media":0,"parent":0,"menu_order":0,"comment_status":"closed","ping_status":"closed","template":"","meta":{"_et_pb_use_builder":"on","_et_pb_old_content":"","_et_gb_content_width":"","footnotes":""},"class_list":["post-236","page","type-page","status-publish","hentry"],"_links":{"self":[{"href":"https:\/\/licoenf.com\/es\/wp-json\/wp\/v2\/pages\/236","targetHints":{"allow":["GET"]}}],"collection":[{"href":"https:\/\/licoenf.com\/es\/wp-json\/wp\/v2\/pages"}],"about":[{"href":"https:\/\/licoenf.com\/es\/wp-json\/wp\/v2\/types\/page"}],"author":[{"embeddable":true,"href":"https:\/\/licoenf.com\/es\/wp-json\/wp\/v2\/users\/1"}],"replies":[{"embeddable":true,"href":"https:\/\/licoenf.com\/es\/wp-json\/wp\/v2\/comments?post=236"}],"version-history":[{"count":6,"href":"https:\/\/licoenf.com\/es\/wp-json\/wp\/v2\/pages\/236\/revisions"}],"predecessor-version":[{"id":315,"href":"https:\/\/licoenf.com\/es\/wp-json\/wp\/v2\/pages\/236\/revisions\/315"}],"wp:attachment":[{"href":"https:\/\/licoenf.com\/es\/wp-json\/wp\/v2\/media?parent=236"}],"curies":[{"name":"wp","href":"https:\/\/api.w.org\/{rel}","templated":true}]}}