{"id":63,"date":"2024-09-04T08:24:49","date_gmt":"2024-09-04T11:24:49","guid":{"rendered":"https:\/\/licoenf.com\/es\/?page_id=63"},"modified":"2024-10-08T09:17:06","modified_gmt":"2024-10-08T12:17:06","slug":"sobre","status":"publish","type":"page","link":"https:\/\/licoenf.com\/es\/sobre\/","title":{"rendered":"Sobre"},"content":{"rendered":"<p>[et_pb_section fb_built=\u00bb1&#8243; _builder_version=\u00bb4.27.0&#8243; _module_preset=\u00bbdefault\u00bb global_colors_info=\u00bb{}\u00bb][et_pb_row _builder_version=\u00bb4.27.0&#8243; _module_preset=\u00bbdefault\u00bb global_colors_info=\u00bb{}\u00bb][et_pb_column type=\u00bb4_4&#8243; _builder_version=\u00bb4.27.0&#8243; _module_preset=\u00bbdefault\u00bb global_colors_info=\u00bb{}\u00bb][et_pb_text _builder_version=\u00bb4.27.2&#8243; _module_preset=\u00bbdefault\u00bb hover_enabled=\u00bb0&#8243; global_colors_info=\u00bb{}\u00bb sticky_enabled=\u00bb0&#8243;]<\/p>\n<p style=\"text-align: justify;\"><span style=\"font-size: large;\">LICOEnf es un grupo de investigaci\u00f3n que act\u00faa desde 2020, siendo certificado en el Directorio General de Investigaci\u00f3n del CNPq por la Universidade de S\u00e3o Paulo, Unidad: Escuela de Enfermer\u00eda, en 2024. El objetivo es desarrollar investigaciones nacionales e internacionales orientadas al desarrollo de l\u00edderes de enfermer\u00eda y salud hasta la evoluci\u00f3n individual y colectiva, incluyendo estudios sobre herramientas de desarrollo de liderazgo como Simulaci\u00f3n Realista, Escape Room, CVAT, Barrett, entre otras y estudios sobre cultura organizacional (CO). A trav\u00e9s de la investigaci\u00f3n buscamos contribuir a los Objetivos de Desarrollo Sostenible (ODS) establecidos por las Naciones Unidas. <\/span><\/p>\n<p><span style=\"font-size: large;\">\u00a0<\/span><\/p>\n<p><span style=\"font-size: large;\"><strong>L\u00ednea de Investigaci\u00f3n <\/strong><\/span><\/p>\n<p><span style=\"font-size: large;\">Formaci\u00f3n y gesti\u00f3n de recursos humanos en enfermer\u00eda y salud<\/span><\/p>\n<p><span style=\"font-size: large;\">\u00a0<\/span><\/p>\n<p><span style=\"font-size: large;\"><strong>Link al directorio del CNPq:<\/strong> <a href=\"dgp.cnpq.br\/dgp\/espelhogrupo\/1739703400565798\" target=\"_blank\" rel=\"noopener\">dgp.cnpq.br\/dgp\/espelhogrupo\/1739703400565798<\/a><\/span><\/p>\n<p><span style=\"font-size: large;\">\u00a0<\/span><\/p>\n<p><span style=\"font-size: large;\"><strong>E-mail: <\/strong><a href=\"mailto:licoenf@usp.br\">licoenf@usp.br<\/a><\/span><\/p>\n<p><span style=\"font-size: large;\"><strong>Facebook: <\/strong><a href=\"https:\/\/facebook.com\/61564144866204\" target=\"_blank\" rel=\"noopener\">https:\/\/facebook.com\/61564144866204<\/a><strong><br \/>\n<\/strong><\/span><\/p>\n<p><span style=\"font-size: large;\"><strong>Insta<\/strong><strong>gram: <\/strong><a href=\"https:\/\/www.instagram.com\/licoenf\/\" target=\"_blank\" rel=\"noopener\">https:\/\/www.instagram.com\/licoenf\/<\/a><\/span><\/p>\n<p><span style=\"font-size: large;\"><strong>Linkedin: <\/strong><a href=\"https:\/\/www.linkedin.com\/in\/licoenf\/\" target=\"_blank\" rel=\"noopener\">https:\/\/www.linkedin.com\/in\/licoenf\/<\/a><\/span><\/p>\n<p><span style=\"font-size: large;\"><strong><\/strong><\/span><\/p>\n<p><span style=\"font-size: large;\"><strong>L\u00edder de Grupo:<\/strong> Chennyfer Dobbins Abi Rached &#8211; CV: <a href=\"http:\/\/lattes.cnpq.br\/1465610782304076\" target=\"_blank\" rel=\"noopener\">http:\/\/lattes.cnpq.br\/1465610782304076<\/a><\/span><\/p>\n<p><span style=\"font-size: large;\">\u00bfQuieres ser miembro del grupo de investigaci\u00f3n? Cont\u00e1ctenos <strong>\u00a0<\/strong><a href=\"mailto:licoenf@usp.br\">licoenf@usp.br<\/a><\/span><\/p>\n<p><span style=\"font-size: large;\">\u00a0<\/span><\/p>\n<p>&nbsp;[\/et_pb_text][\/et_pb_column][\/et_pb_row][\/et_pb_section]<\/p>\n","protected":false},"excerpt":{"rendered":"<p>LICOEnf es un grupo de investigaci\u00f3n que act\u00faa desde 2020, siendo certificado en el Directorio General de Investigaci\u00f3n del CNPq por la Universidade de S\u00e3o Paulo, Unidad: Escuela de Enfermer\u00eda, en 2024. El objetivo es desarrollar investigaciones nacionales e internacionales orientadas al desarrollo de l\u00edderes de enfermer\u00eda y salud hasta la evoluci\u00f3n individual y colectiva, [&hellip;]<\/p>\n","protected":false},"author":1,"featured_media":0,"parent":0,"menu_order":0,"comment_status":"closed","ping_status":"closed","template":"","meta":{"_et_pb_use_builder":"on","_et_pb_old_content":"","_et_gb_content_width":"","footnotes":""},"class_list":["post-63","page","type-page","status-publish","hentry"],"_links":{"self":[{"href":"https:\/\/licoenf.com\/es\/wp-json\/wp\/v2\/pages\/63","targetHints":{"allow":["GET"]}}],"collection":[{"href":"https:\/\/licoenf.com\/es\/wp-json\/wp\/v2\/pages"}],"about":[{"href":"https:\/\/licoenf.com\/es\/wp-json\/wp\/v2\/types\/page"}],"author":[{"embeddable":true,"href":"https:\/\/licoenf.com\/es\/wp-json\/wp\/v2\/users\/1"}],"replies":[{"embeddable":true,"href":"https:\/\/licoenf.com\/es\/wp-json\/wp\/v2\/comments?post=63"}],"version-history":[{"count":6,"href":"https:\/\/licoenf.com\/es\/wp-json\/wp\/v2\/pages\/63\/revisions"}],"predecessor-version":[{"id":310,"href":"https:\/\/licoenf.com\/es\/wp-json\/wp\/v2\/pages\/63\/revisions\/310"}],"wp:attachment":[{"href":"https:\/\/licoenf.com\/es\/wp-json\/wp\/v2\/media?parent=63"}],"curies":[{"name":"wp","href":"https:\/\/api.w.org\/{rel}","templated":true}]}}