{"id":75,"date":"2024-09-04T08:31:27","date_gmt":"2024-09-04T11:31:27","guid":{"rendered":"https:\/\/licoenf.com\/es\/?page_id=75"},"modified":"2024-10-08T09:43:30","modified_gmt":"2024-10-08T12:43:30","slug":"projetos-de-extensao","status":"publish","type":"page","link":"https:\/\/licoenf.com\/es\/projetos\/projetos-de-extensao\/","title":{"rendered":"Projetos de Extens\u00e3o"},"content":{"rendered":"<p>[et_pb_section fb_built=\u00bb1&#8243; _builder_version=\u00bb4.27.0&#8243; _module_preset=\u00bbdefault\u00bb global_colors_info=\u00bb{}\u00bb][et_pb_row _builder_version=\u00bb4.27.0&#8243; _module_preset=\u00bbdefault\u00bb global_colors_info=\u00bb{}\u00bb][et_pb_column type=\u00bb4_4&#8243; _builder_version=\u00bb4.27.0&#8243; _module_preset=\u00bbdefault\u00bb global_colors_info=\u00bb{}\u00bb][et_pb_cta title=\u00bbProyectos de Ampliaci\u00f3n\u00bb button_text=\u00bbCliques\u00bb _builder_version=\u00bb4.27.0&#8243; _module_preset=\u00bb41ea737b-b9b7-4c51-a57b-aecb354cd800&#8243; background_color=\u00bb#3259A0&#8243; global_colors_info=\u00bb{}\u00bb][\/et_pb_cta][et_pb_image src=\u00bbhttps:\/\/licoenf.com\/es\/wp-content\/uploads\/sites\/5\/2024\/10\/magnifying-glass-1607208_1280.jpg\u00bb title_text=\u00bbmagnifying-glass-1607208_1280&#8243; _builder_version=\u00bb4.27.2&#8243; _module_preset=\u00bbdefault\u00bb custom_margin=\u00bb||-2px|||\u00bb global_colors_info=\u00bb{}\u00bb][\/et_pb_image][et_pb_text _builder_version=\u00bb4.27.2&#8243; _module_preset=\u00bbdefault\u00bb text_font_size=\u00bb12px\u00bb global_colors_info=\u00bb{}\u00bb]<\/p>\n<p>Imagem de <a href=\"https:\/\/pixabay.com\/pt\/users\/geralt-9301\/?utm_source=link-attribution&amp;utm_medium=referral&amp;utm_campaign=image&amp;utm_content=1607208\">Gerd Altmann<\/a> por <a href=\"https:\/\/pixabay.com\/pt\/\/?utm_source=link-attribution&amp;utm_medium=referral&amp;utm_campaign=image&amp;utm_content=1607208\">Pixabay<\/a><\/p>\n<p>[\/et_pb_text][\/et_pb_column][\/et_pb_row][et_pb_row _builder_version=\u00bb4.27.0&#8243; _module_preset=\u00bbdefault\u00bb global_colors_info=\u00bb{}\u00bb][et_pb_column type=\u00bb4_4&#8243; _builder_version=\u00bb4.27.0&#8243; _module_preset=\u00bbdefault\u00bb global_colors_info=\u00bb{}\u00bb][et_pb_cta title=\u00bbProyectos Completados\u00bb button_text=\u00bbCliques\u00bb _builder_version=\u00bb4.27.0&#8243; _module_preset=\u00bb41ea737b-b9b7-4c51-a57b-aecb354cd800&#8243; background_color=\u00bb#12876F\u00bb global_colors_info=\u00bb{}\u00bb][\/et_pb_cta][et_pb_accordion _builder_version=\u00bb4.27.2&#8243; _module_preset=\u00bbdefault\u00bb hover_enabled=\u00bb0&#8243; global_colors_info=\u00bb{}\u00bb sticky_enabled=\u00bb0&#8243;][et_pb_accordion_item open=\u00bbon\u00bb _builder_version=\u00bb4.27.2&#8243; _module_preset=\u00bbdefault\u00bb custom_css_free_form=\u00bbselector {||  display: none;||}\u00bb global_colors_info=\u00bb{}\u00bb][\/et_pb_accordion_item][et_pb_accordion_item title=\u00bbAplicaci\u00f3n del Escape Room como estrategia de aprendizaje de soft skills de liderazgo\u00bb _builder_version=\u00bb4.27.2&#8243; _module_preset=\u00bbdefault\u00bb hover_enabled=\u00bb0&#8243; global_colors_info=\u00bb{}\u00bb open=\u00bboff\u00bb sticky_enabled=\u00bb0&#8243;]<\/p>\n<p><strong>Descripci\u00f3n:<\/strong> La formaci\u00f3n de enfermeros requiere el desarrollo de habilidades, destacando como una de las habilidades en las <span>Directrices Curriculares Nacionales (en portugu\u00e9s, DCN &#8211; <em>Diretrizes Curriculares Nacionais<\/em>) para el ejercicio de la enfermer\u00eda: liderazgo. Estudiar y reconocer los diferentes estilos de liderazgo durante la carrera de enfermer\u00eda ayudar\u00e1 en tu desempe\u00f1o inicial como profesional. <\/span><\/p>\n<p><span>Por lo tanto, es posible que las universidades adopten diferentes estrategias durante el proceso de ense\u00f1anza-aprendizaje para facilitar que los estudiantes de enfermer\u00eda comprendan la importancia de esta habilidad en la pr\u00e1ctica profesional. En este sentido, este proyecto pretende crear espacios de formaci\u00f3n, ayudando a socializar conocimientos, percepciones e intercambio de experiencias entre empleados y t\u00e9cnicos administrativos, actuando docentes y estudiantes como intermediarios en discusiones sobre <em>soft skills<\/em> de liderazgo, brindando oportunidades, a trav\u00e9s de la gamificaci\u00f3n, para desarrollar una conjunto de pr\u00e1cticas para apoyar comportamientos de los trabajadores a favor del compromiso y la integraci\u00f3n, adem\u00e1s de aportar ganancias a los estudiantes en t\u00e9rminos de captura de la realidad. Los juegos estimulan la interacci\u00f3n social, promueven aspectos emocionales y estimulan habilidades motoras y cognitivas que son importantes en el proceso de liderazgo. <\/span><\/p>\n<p><span>La metodolog\u00eda ser\u00e1 la investigaci\u00f3n acci\u00f3n, donde se aplicar\u00e1 el juego <em>Escape Room<\/em>. A trav\u00e9s de acertijos y desaf\u00edos tangibles, los estudiantes seguir\u00e1n estrategias que involucran trabajo colaborativo, compromiso, comunicaci\u00f3n, toma de decisiones, manejo de conflictos, entre otras caracter\u00edsticas esenciales de un l\u00edder exitoso. Se espera que este proyecto permita discusiones y reflexiones sobre las <em>soft skills<\/em> de liderazgo en la carrera de enfermer\u00eda, cumpliendo con los objetivos del actual Proyecto Acad\u00e9mico de la EEUSP. <\/span><\/p>\n<p><span>2024-2024 &#8211; Programa Unificado de Becas de Apoyo y Formaci\u00f3n de Estudiantes de Pregrado (en portugu\u00e9s, PUB-USP &#8211; <em>Programa Unificado de Bolsas de Estudo Para Apoio e Forma\u00e7\u00e3o de Estudantes de Gradua\u00e7\u00e3o<\/em>).<\/span><\/p>\n<p>[\/et_pb_accordion_item][et_pb_accordion_item title=\u00bbDesarrollar Proyecto: Liderazgo y Ambiente de Trabajo Seguro \u00bb _builder_version=\u00bb4.27.2&#8243; _module_preset=\u00bbdefault\u00bb hover_enabled=\u00bb0&#8243; global_colors_info=\u00bb{}\u00bb open=\u00bboff\u00bb sticky_enabled=\u00bb0&#8243;]<\/p>\n<p><strong><span>Descripci\u00f3n:<\/span><\/strong><span> Edicto 01\/2020 &#8211; Decano de Cultura y Extensi\u00f3n Universitaria Promoci\u00f3n de la Cultura y de Iniciativas de Extensi\u00f3n Vinculadas a los ODS de la ONU. <\/span><\/p>\n<p><span>El objetivo es desarrollar el liderazgo de los profesionales de enfermer\u00eda que ocupan el cargo de directores, jefes de departamento, gerentes, coordinadores o supervisores de unidades de \u00e1rea, direcciones y\/o departamentos en hospitales p\u00fablicos o privados de cualquier regi\u00f3n del pa\u00eds con enfoque en salud. gesti\u00f3n de seguridad y salud en el trabajo.<\/span><\/p>\n<p>[\/et_pb_accordion_item][et_pb_accordion_item title=\u00bbSalud Mental en el Trabajo: Desarrollo del Liderazgo en Enfermer\u00eda\u00bb _builder_version=\u00bb4.27.2&#8243; _module_preset=\u00bbdefault\u00bb hover_enabled=\u00bb0&#8243; global_colors_info=\u00bb{}\u00bb open=\u00bboff\u00bb sticky_enabled=\u00bb0&#8243;]<\/p>\n<p><strong><span>Descripci\u00f3n:<\/span><\/strong><span> Edicto 02\/2020-2021 &#8211; Programa Aprendizaje en la Comunidad del Decano de Estudios de Pregrado, que tiene como objetivo desarrollar a los estudiantes en actividades extramuros. <\/span><\/p>\n<p><span>Proyecto articulado con un grupo de investigaci\u00f3n del Hospital Universitario (HU) de la USP, con el Servicio de Ense\u00f1anza y Calidad (HU) y el grupo de investigaci\u00f3n GESTE en colaboraci\u00f3n.<\/span><\/p>\n<p>[\/et_pb_accordion_item][\/et_pb_accordion][\/et_pb_column][\/et_pb_row][\/et_pb_section]<\/p>\n","protected":false},"excerpt":{"rendered":"<p>Imagem de Gerd Altmann por PixabayDescripci\u00f3n: La formaci\u00f3n de enfermeros requiere el desarrollo de habilidades, destacando como una de las habilidades en las Directrices Curriculares Nacionales (en portugu\u00e9s, DCN &#8211; Diretrizes Curriculares Nacionais) para el ejercicio de la enfermer\u00eda: liderazgo. Estudiar y reconocer los diferentes estilos de liderazgo durante la carrera de enfermer\u00eda ayudar\u00e1 en [&hellip;]<\/p>\n","protected":false},"author":1,"featured_media":0,"parent":101,"menu_order":0,"comment_status":"closed","ping_status":"closed","template":"","meta":{"_et_pb_use_builder":"on","_et_pb_old_content":"","_et_gb_content_width":"","footnotes":""},"class_list":["post-75","page","type-page","status-publish","hentry"],"_links":{"self":[{"href":"https:\/\/licoenf.com\/es\/wp-json\/wp\/v2\/pages\/75","targetHints":{"allow":["GET"]}}],"collection":[{"href":"https:\/\/licoenf.com\/es\/wp-json\/wp\/v2\/pages"}],"about":[{"href":"https:\/\/licoenf.com\/es\/wp-json\/wp\/v2\/types\/page"}],"author":[{"embeddable":true,"href":"https:\/\/licoenf.com\/es\/wp-json\/wp\/v2\/users\/1"}],"replies":[{"embeddable":true,"href":"https:\/\/licoenf.com\/es\/wp-json\/wp\/v2\/comments?post=75"}],"version-history":[{"count":7,"href":"https:\/\/licoenf.com\/es\/wp-json\/wp\/v2\/pages\/75\/revisions"}],"predecessor-version":[{"id":322,"href":"https:\/\/licoenf.com\/es\/wp-json\/wp\/v2\/pages\/75\/revisions\/322"}],"up":[{"embeddable":true,"href":"https:\/\/licoenf.com\/es\/wp-json\/wp\/v2\/pages\/101"}],"wp:attachment":[{"href":"https:\/\/licoenf.com\/es\/wp-json\/wp\/v2\/media?parent=75"}],"curies":[{"name":"wp","href":"https:\/\/api.w.org\/{rel}","templated":true}]}}