{"id":80,"date":"2024-09-04T08:35:46","date_gmt":"2024-09-04T11:35:46","guid":{"rendered":"https:\/\/licoenf.com\/es\/?page_id=80"},"modified":"2024-10-08T09:21:26","modified_gmt":"2024-10-08T12:21:26","slug":"producoes","status":"publish","type":"page","link":"https:\/\/licoenf.com\/es\/producoes\/","title":{"rendered":"Produ\u00e7\u00f5es"},"content":{"rendered":"<p>[et_pb_section fb_built=\u00bb1&#8243; _builder_version=\u00bb4.27.0&#8243; _module_preset=\u00bbdefault\u00bb global_colors_info=\u00bb{}\u00bb][et_pb_row _builder_version=\u00bb4.27.0&#8243; _module_preset=\u00bbdefault\u00bb global_colors_info=\u00bb{}\u00bb][et_pb_column type=\u00bb4_4&#8243; _builder_version=\u00bb4.27.0&#8243; _module_preset=\u00bbdefault\u00bb global_colors_info=\u00bb{}\u00bb][et_pb_cta title=\u00bbProducciones\u00bb button_text=\u00bbCliques\u00bb _builder_version=\u00bb4.27.0&#8243; _module_preset=\u00bb41ea737b-b9b7-4c51-a57b-aecb354cd800&#8243; background_color=\u00bb#3259A0&#8243; global_colors_info=\u00bb{}\u00bb][\/et_pb_cta][et_pb_text _builder_version=\u00bb4.27.2&#8243; _module_preset=\u00bbdefault\u00bb text_text_color=\u00bb#000000&#8243; global_colors_info=\u00bb{}\u00bb]<\/p>\n<ul>\n<li>Rached, C. D. A; CRUZ, E. A. A. ; MOTA, M. H. C. ; PAULO, C. S. F. ; AMARAL, GIOVANNA MICUCCI PIRES ; NAKAJIMA, D. L. Nursing students perception: Escape Room use in teaching leadership skills. REVISTA BRASILEIRA DE ENFERMAGEM, v. 77, p. 1-9, 2024.<a href=\"https:\/\/www.scielo.br\/j\/reben\/a\/G9S783WKmkYWNzBMKNKWrdN\/?lang=en\" target=\"_blank\" rel=\"noopener\"> https:\/\/www.scielo.br\/j\/reben\/a\/G9S783WKmkYWNzBMKNKWrdN\/?lang=en<\/a><\/li>\n<li>SANTOS, GABRIEL AUGUSTO CORDEIRO DOS ; PINHEIRO, PAULO GURGEL; PINHEIRO, CL\u00c1UDIO GURGEL ; PREGUN, MARISA LUCIANA ; ALVES, RENATA CAMARGO ; Rached, Chennyfer Dobbins Abi . NEONPASS ROOM: A DIGITAL INTERACTION TOOL BETWEEN PATIENT, CARE AND HOSPITAL GOVERNANCE AREAS. Texto e Contexto. (UFSC Impresso), v. 33, p. 1-14, 2024. <a href=\"https:\/\/www.scielo.br\/j\/tce\/a\/DmyPsbwHHQDDH5xVyNdzJFz\/\" target=\"_blank\" rel=\"noopener\">https:\/\/www.scielo.br\/j\/tce\/a\/DmyPsbwHHQDDH5xVyNdzJFz\/<\/a><\/li>\n<li>AMARAL, GIOVANNA MICUCCI PIRES ; Rached, Chennyfer Dobbins Abi ; ENRIQUEZ, BLANCA KATIUZCA LOAYZA; LIZARBE, PILAR MICHELY CHUCHON ; MORENO, LUC\u00cdA ARANDA ; RUEDA, AURORA ZAPATA . Professional values in nursing students: a multicentric approach. International Journal of Health Science, v. 3, p. 2-7, 2023. <a href=\"https:\/\/atenaeditora.com.br\/catalogo\/artigo-revista\/valores-profissionais-em-graduandos-de-enfermagem-uma-abordagem-multicentrica-2\" target=\"_blank\" rel=\"noopener\">https:\/\/atenaeditora.com.br\/catalogo\/artigo-revista\/valores-profissionais-em-graduandos-de-enfermagem-uma-abordagem-multicentrica-2<\/a><\/li>\n<li>\u00a0DE MELLO, CAMILA DUARTE ; Abi Rached, Chennyfer Dobbins ; DE LIBERAL, M\u00c1RCIA MELLO COSTA. Leadership and Benefits of Physical Activity for Elderly People with Diabetes Mellitus. Universal Journal of Public Health, v. 11, p. 262-269, 2023. <a href=\"https:\/\/www.hrpub.org\/download\/20230430\/UJPH8-17628935.pdf\" target=\"_blank\" rel=\"noopener\">https:\/\/www.hrpub.org\/download\/20230430\/UJPH8-17628935.pdf<\/a><\/li>\n<li>\u00a0Podgorica, Nertila; SHABANI, ZAMIRA ; GJINAJ, VERA ; Rached, Chennyfer Dobbins Abi ; CRESCENTE, NICOLE YAMADA; VIEIRA, GLEYCIANE SANTOS . Validity and reliability of the albanian version of the nursing professional values scale (NPVS-3). Teaching And Learning In Nursing, v. 18, p. 122-128, 2023. <a href=\"https:\/\/www.sciencedirect.com\/science\/article\/abs\/pii\/S155730872200097X\" target=\"_blank\" rel=\"noopener\">https:\/\/www.sciencedirect.com\/science\/article\/abs\/pii\/S155730872200097X<\/a><\/li>\n<li>\u00a0DE PAULA, RITA DE C\u00c1SSIA CERQUEIRA ; Rached, Chennyfer Dobbins Abi ; DE LIBERAL, M\u00c1RCIA MELLO COSTA. The Leader Medical Audit in Hospital Routine Resource. JOURNAL OF HEALTH MANAGEMENT. (NEW DELHI. PRINT), v. 1, p. 097206342311755, 2023. <a href=\"https:\/\/journals.sagepub.com\/doi\/10.1177\/09720634231175590\" target=\"_blank\" rel=\"noopener\">https:\/\/journals.sagepub.com\/doi\/10.1177\/09720634231175590<\/a><\/li>\n<li>\u00a0Rached, Chennyfer Dobbins Abi; ALMEIDA, A. A. R. ; CRESCENTE, N. Y. ; MIRA, V. L. ; Santos JN ; Ferreira VCG ; Domercant H . Validity and reliability assessment: Nursing Professional Values Scale-Three (NPVS-3) for Brazil. Teaching And Learning In Nursing, v. 01, p. 5-14, 2023. <a href=\"https:\/\/www.sciencedirect.com\/science\/article\/abs\/pii\/S1557308723001361\" target=\"_blank\" rel=\"noopener\">https:\/\/www.sciencedirect.com\/science\/article\/abs\/pii\/S1557308723001361<\/a><\/li>\n<li>\u00a0ORTIZ ORREGO, MILUSKA DEL ROC\u00cdO ; SORIANO VILLALOBOS, IRENE MARLENY ; LOAYZA ENRIQUEZ, BLANCA KATIUZCA ; DOBBINS ABI RACHED, CHENNYFER ; PEREIRA TAVARES DE MELO, JULIANA . Liderazgo de la enfermera en la Atenci\u00f3n Primaria: significado de la tuberculosis para los pacientes atendidos en el centro de Atenci\u00f3n Primaria. Atencion Primaria, v. 55, p. 102707-102709, 2023. <a href=\"https:\/\/www.sciencedirect.com\/science\/article\/pii\/S0212656723001403\" target=\"_blank\" rel=\"noopener\">https:\/\/www.sciencedirect.com\/science\/article\/pii\/S0212656723001403<\/a><\/li>\n<li>\u00a0Silva, W N da ; Rached, Chennyfer Dobbins Abi ; LIBERAL, M. M. C<a href=\"http:\/\/lattes.cnpq.br\/1465610782304076\">.<\/a> . INCREMENTO DA VALIDA\u00c7\u00c3O DE PRESCRI\u00c7\u00d5ES M\u00c9DICAS PELA LIDERAN\u00c7A DO VAREJO FARMAC\u00caUTICO: UM RELATO DE CASO. INTERNATIONAL JOURNAL OF HEALTH MANAGEMENT REVIEW &#8211; JHMREVIEW, v. 9, p. 1-9-9, 2023. <a href=\"https:\/\/ijhmreview.org\/ijhmreview\/article\/view\/328\/252\" target=\"_blank\" rel=\"noopener\">https:\/\/ijhmreview.org\/ijhmreview\/article\/view\/328\/252<\/a><\/li>\n<li>\u00a0Zogheib, C. M. T<a href=\"http:\/\/lattes.cnpq.br\/1465610782304076\">.<\/a> ; Baptista, P. C. P. ; Lourencao, D. C. A. ; Rached, Chennyfer Dobbins Abi. Engajamento profissional e qualidade de vida entre trabalhadores de enfermagem de uma unidade hospitalar, S\u00e3o Paulo &#8211; Brasil. Mundo da Sa\u00fade, v. 47, p. 1-16, 2023. <a href=\"https:\/\/revistamundodasaude.emnuvens.com.br\/mundodasaude\/article\/view\/1376\/1362\" target=\"_blank\" rel=\"noopener\">https:\/\/revistamundodasaude.emnuvens.com.br\/mundodasaude\/article\/view\/1376\/1362<\/a><\/li>\n<li>\u00a0Rached, CDA; VIEIRA, G. S. ; MELO, F. A. B. ; ALMEIDA, M. C. S. ; MIRA, V. L.; Domercant H ; CRESCENTE, N. Y. Valores profissionais dos estudantes de Enfermagem para o fortalecimento da identidade profissional. REVISTA BRASILEIRA DE ENFERMAGEM, v. 76, p. 1-6, 2023. <a href=\"https:\/\/www.scielo.br\/j\/reben\/a\/ZkgfLYZsmxW6fFGbjNhbwLh\/?format=pdf&amp;lang=pt\" target=\"_blank\" rel=\"noopener\">https:\/\/www.scielo.br\/j\/reben\/a\/ZkgfLYZsmxW6fFGbjNhbwLh\/?format=pdf&amp;lang=pt<\/a><\/li>\n<li>\u00a0Rached, Chennyfer Dobbins Abi; MANNING, JENNIFER ; LIBERAL, M\u00c1RCIA MELLO COSTA DE ; RN, GABRIELLA DE CASTRO SOUSA ; RN, HERLINE DOMERCANT ; AMARAL, GIOVANNA MICUCCI PIRES. Brazilian Nursing Team: Quality of Working Life and The Leadership Influence. International Journal of Membrane Science and Technology, v. 10, p. 2572-2581, 2023. <a href=\"https:\/\/cosmosscholars.com\/phms\/index.php\/ijmst\/article\/view\/2916\" target=\"_blank\" rel=\"noopener\">https:\/\/cosmosscholars.com\/phms\/index.php\/ijmst\/article\/view\/2916<\/a><\/li>\n<li>\u00a0Rached, Chennyfer Dobbins Abi; ALMEIDA, T. S. ; Santos, L. V. dos ; Teixeira, C. A. A.; Barbosa, D. B. F.; Guedes, L. C. S<a href=\"http:\/\/lattes.cnpq.br\/1465610782304076\">.<\/a>; Amaral, G. M. P.\u00a0 Fatores a ansiedade dos trabalhadores de enfermagem: revis\u00e3o de escopo. Psicologia, Sa\u00fade &amp; Doen\u00e7as., v. 24, p. 748-757, 2023. <a href=\"http:\/\/scielo.pt\/scielo.php?script=sci_arttext&amp;pid=S1645-00862023000200748&amp;lng=pt&amp;nrm=iso\" target=\"_blank\" rel=\"noopener\">http:\/\/scielo.pt\/scielo.php?script=sci_arttext&amp;pid=S1645-00862023000200748&amp;lng=pt&amp;nrm=iso<\/a><\/li>\n<li>\u00a0almeida, APR, da Mota, MHC, Cruz, SS; Massa, BM, Ferraz, RRN, Liberal, MC de; Rached, Chennyfer Dobbins Abi. The impact of healthcare workers values and perception of organizational culture on hospital performance: a case study. CONTRIBUCIONES A LAS CIENCIAS SOCIALES, v. 16, p. 25621-25636, 2023. <a href=\"https:\/\/ojs.revistacontribuciones.com\/ojs\/index.php\/clcs\/article\/view\/3010\" target=\"_blank\" rel=\"noopener\">https:\/\/ojs.revistacontribuciones.com\/ojs\/index.php\/clcs\/article\/view\/3010<\/a><\/li>\n<li>\u00a0Liberal, M. M. C<a href=\"http:\/\/lattes.cnpq.br\/1465610782304076\">.<\/a> ; Rached, Chennyfer Dobbins Abi ; Santos, G. A. C. ; Orfale, A. G. ; Xavier, A. M. H. ; Japiussi, R. B. ; Santos G. A. C. ; Silva, M. S. The role of nursing in a day center for patients with Alzheimer. MOJ Gerontology &amp; Geriatrics, v. 3, p. 83-88-88, 2023. <a href=\"https:\/\/medcraveonline.com\/MOJGG\/the-role-of-nursing-in-a-day-center-for-patients-with-alzheimer.html\" target=\"_blank\" rel=\"noopener\">https:\/\/medcraveonline.com\/MOJGG\/the-role-of-nursing-in-a-day-center-for-patients-with-alzheimer.html<\/a><\/li>\n<li>\u00a0SIQUEIRA, B. B<a href=\"http:\/\/lattes.cnpq.br\/1465610782304076\">.<\/a> ; Rached, Chennyfer Dobbins Abi . Reflex\u00f5es acerca dos professores de enfermagem no ensino da lideran\u00e7a. INTERNATIONAL JOURNAL OF HEALTH MANAGEMENT REVIEW &#8211; JHMREVIEW, v. 8, p. 1-5, 2022. <a href=\"https:\/\/www.ijhmreview.org\/ijhmreview\/article\/view\/308\" target=\"_blank\" rel=\"noopener\">https:\/\/www.ijhmreview.org\/ijhmreview\/article\/view\/308<\/a><\/li>\n<li>\u00a0Rached, Chennyfer Dobbins Abi; Ferreira VCG ; Santos JN . Brazilian Version of the Nursing Professional Values Scale (NPVS-3): Validity and Reliability Assessment. JOURNAL OF NURSING MEASUREMENT, p. JNM-2021-0032., 2022. <a href=\"https:\/\/pubmed.ncbi.nlm.nih.gov\/37277153\/\" target=\"_blank\" rel=\"noopener\">https:\/\/pubmed.ncbi.nlm.nih.gov\/37277153\/<\/a><\/li>\n<li>\u00a0KRAJA, J.; MARKU, M. ; PJETRI, E. ; BELISHA, S. ; Rached, Chennyfer Dobbins Abi ; PODGORICA, N. Factors Influencing Midwifery Students\u2019 Decision to Choose the Midwifery Education Program in Albania. Open Access Macedonian Journal of Medical Sciences, v. 10, p. 461-466, 2022. <a href=\"https:\/\/repositorio.usp.br\/directbitstream\/06f7a136-1d20-4746-90f1-77b88f0953ad\/RACHED%2C%20C%20D%20A%20doc%202e.pdf\" target=\"_blank\" rel=\"noopener\">https:\/\/repositorio.usp.br\/directbitstream\/06f7a136-1d20-4746-90f1-77b88f0953ad\/RACHED%2C%20C%20D%20A%20doc%202e.pdf<\/a><\/li>\n<li>\u00a0Rached, C D A; VALAZZA, V. ; AMARAL, G. M. P. ; LIZARBE, P. M. C. . Professional Values in Undergraduate Nursing Students: Comparison in Different Cultures. Specialusis Ugdymas\/ Special Education, v. 2, p. 1181-1193, 2022. <a href=\"http:\/\/sumc.lt\/index.php\/se\/article\/view\/1380\" target=\"_blank\" rel=\"noopener\">http:\/\/sumc.lt\/index.php\/se\/article\/view\/1380<\/a><\/li>\n<li>\u00a0Rached, C D A; Sousa GC ; MELO, F. A. B. ; CARLONI., P. R. R. F. R. ; Domercant H. The nurse: relationship between leadership style, values and Quality of Work Life. Journal of Positive Psychology and Wellbeing, v. 6, p. 1, 2022. <a href=\"https:\/\/journalppw.com\/index.php\/jppw\/article\/view\/11655\" target=\"_blank\" rel=\"noopener\">https:\/\/journalppw.com\/index.php\/jppw\/article\/view\/11655<\/a><\/li>\n<li>\u00a0Rodovalho, G. B. ; Japiussi, Renato Barbosa ; Paim, Chennyfer da Rosa Paino, Liberal, Marcia C de. O coordenador da Aten\u00e7\u00e3o Prim\u00e1ria e seu novo papel na Estrat\u00e9gia Sa\u00fade da Fam\u00edlia. REVISTA GEST\u00c3O &amp; SA\u00daDE (BRAS\u00cdLIA), v. 13, p. 91-103, 2022. <a href=\"https:\/\/periodicos.unb.br\/index.php\/rgs\/article\/view\/46397\" target=\"_blank\" rel=\"noopener\">https:\/\/periodicos.unb.br\/index.php\/rgs\/article\/view\/46397<\/a><\/li>\n<li>\u00a0Horvath, E. S. C ; Cami\u00e1 GEK ; LIBERAL, M. M. C. ; Rached, C D A . The importance of leadership the validation of the safety thermometer protocol in the maternity of Paulista Public Hospital. PONTE International Scientific Researchs Journal, v. 77, p. 19-27, 2021. <a href=\"https:\/\/www.pontejournal.online\/wp-content\/uploads\/sites\/5\/2021\/03\/Full-Paper-THE-IMPORTANCE-OF-THE-VALIDATION-OF-THE-SAFETY-THERMOMETER-PROTOCOL-IN-THE-MATERNITY-OF-A-PAULISTA-PUBLIC-HOSPITAL.pdf\" target=\"_blank\" rel=\"noopener\">https:\/\/www.pontejournal.online\/wp-content\/uploads\/sites\/5\/2021\/03\/Full-Paper-THE-IMPORTANCE-OF-THE-VALIDATION-OF-THE-SAFETY-THERMOMETER-PROTOCOL-IN-THE-MATERNITY-OF-A-PAULISTA-PUBLIC-HOSPITAL.pdf<\/a><\/li>\n<li>\u00a0Ramos DR ; Japiassu, R B ; Rached, C D A . A gest\u00e3o da enfermagem e a implanta\u00e7\u00e3o das metas de seguran\u00e7a do paciente em uma unidade de emerg\u00eancia p\u00fablica. REVISTA ELETR\u00d4NICA ACERVO EM SA\u00daDE, v. 13, p. 1-8, 2021. <a href=\"https:\/\/acervomais.com.br\/index.php\/saude\/article\/view\/7333\" target=\"_blank\" rel=\"noopener\">https:\/\/acervomais.com.br\/index.php\/saude\/article\/view\/7333<\/a><\/li>\n<li>\u00a0Yamassake RT ; BAPTISTA, P. C. P. ; Albuquerque VA ; Rached, Chennyfer Dobbins Abi . Satisfa\u00e7\u00e3o no trabalho vs. clima organizacional: estudo transversal em profissionais de enfermagem brasileiros [Job satisfaction vs. organizational climate: a cross-sectional study of Brazilian nursing personnel] [Satisfacci\u00f3n laboral vs clima organizacional: estudio transversal en profesionales de enfermer\u00eda brasile\u00f1os]. REVISTA ENFERMAGEM UERJ, v. 29, p. e62718, 2021. <a href=\"https:\/\/www.e-publicacoes.uerj.br\/enfermagemuerj\/article\/view\/62718\" target=\"_blank\" rel=\"noopener\">https:\/\/www.e-publicacoes.uerj.br\/enfermagemuerj\/article\/view\/62718<\/a><\/li>\n<li>\u00a0Sousa GC ; Rached, Chennyfer Dobbins Abi. A influ\u00eancia dos valores pessoais e profissionais na lideran\u00e7a de enfermagem: uma revis\u00e3o integrativa. INTERNATIONAL JOURNAL OF HEALTH MANAGEMENT REVIEW &#8211; JHMREVIEW, v. 07, p. 44-51, 2021. <a href=\"https:\/\/www.ijhmreview.org\/ijhmreview\/article\/view\/254\" target=\"_blank\" rel=\"noopener\">https:\/\/www.ijhmreview.org\/ijhmreview\/article\/view\/254<\/a><\/li>\n<li>\u00a0Japiussi, Renato Barbosa ; Serra, T. T. M.; Paim, C. R. P. ; Liberal, Marcia Mello Costa de. Analysis of integrative and complementary therapies applied by health teams in Primary Care. RESEARCH, SOCIETY AND DEVELOPMENT, v. 10, p. 1-11, 2021. <a href=\"https:\/\/rsdjournal.org\/index.php\/rsd\/article\/view\/22842\" target=\"_blank\" rel=\"noopener\">https:\/\/rsdjournal.org\/index.php\/rsd\/article\/view\/22842<\/a><\/li>\n<li>\u00a0BARBOSA, D. B. F. ; GUEDES, L. C. S. ; Rached, C D A ; TEIXEIRA, C. A. A. ; SANTOS, L. V. dos ; Souza Almeida T . Leadership Styles of Hospital Nurses: Impacts on the Work Process and Organizational Climate. Trends Nur Health Care Res, v. 1, p. 1-8, 2021. <a href=\"https:\/\/www.stephypublishers.com\/tnhcr\/pdf\/TNHCR.MS.ID.000511.pdf\" target=\"_blank\" rel=\"noopener\">https:\/\/www.stephypublishers.com\/tnhcr\/pdf\/TNHCR.MS.ID.000511.pdf<\/a><\/li>\n<li>\u00a0JAPIASSU, Renato Barbosa ; PAIM, C. R. P. A ger\u00eancia do cuidado em sa\u00fade do trabalhador com florais de Bach. Global Academic Nursing Journal, v. 4, p. 1-7, 2021. <a href=\"https:\/\/globalacademicnursing.com\/index.php\/globacadnurs\/article\/view\/195\" target=\"_blank\" rel=\"noopener\">https:\/\/globalacademicnursing.com\/index.php\/globacadnurs\/article\/view\/195<\/a><\/li>\n<li>\u00a0PAIM, C. R. P.; SANTOS, J. N. ; FERREIRA, V. C. G. ; SOUSA, G. C. Projeto Desenvolver: Lideran\u00e7a e Ambiente de Trabalho Seguro. INTERNATIONAL JOURNAL OF HEALTH MANAGEMENT REVIEW &#8211; JHMREVIEW, v. 7, p. 2-15, 2021. <a href=\"https:\/\/ijhmreview.org\/ijhmreview\/article\/view\/269\" target=\"_blank\" rel=\"noopener\">https:\/\/ijhmreview.org\/ijhmreview\/article\/view\/269<\/a><\/li>\n<li>\u00a0Japiassu, R B ; Rached, Chennyfer Dobbins Abi . A gamifica\u00e7\u00e3o no processo de ensino aprendizagem: uma revis\u00e3o integrativa. Educa\u00e7\u00e3o em Foco (Amparo), v. 12, p. 49-60, 2020. <a href=\"https:\/\/portal.unisepe.com.br\/unifia\/wp-content\/uploads\/sites\/5\/sites\/10001\/2020\/03\/Renato-Revista-Educac_a_o-em-Foco.pdf\" target=\"_blank\" rel=\"noopener\">https:\/\/portal.unisepe.com.br\/unifia\/wp-content\/uploads\/sites\/5\/sites\/10001\/2020\/03\/Renato-Revista-Educac_a_o-em-Foco.pdf<\/a><\/li>\n<li>\u00a0RODRIGUES, S. A. X. ; LIBERAL, M. M. C. ; Rached, C D A . Integration between the family health strategy and the psychosocial care center. Innovative Journal of Medical and Health Science, v. 10, p. 938-945, 2020. <a href=\"https:\/\/innovativejournal.in\/index.php\/ijmhs\/article\/view\/2877\" target=\"_blank\" rel=\"noopener\">https:\/\/innovativejournal.in\/index.php\/ijmhs\/article\/view\/2877<\/a><\/li>\n<li>\u00a0Rached, C D A; Santos JN ; FERREIRA, V. C. G. Bases Te\u00f3rica dos Estilos de Lideran\u00e7a: Uma breve revis\u00e3o. International Journal of Health Management Review (JHM Review), v. 6, p. 1-9, 2020. <a href=\"https:\/\/ijhmreview.org\/ijhmreview\/article\/view\/229\" target=\"_blank\" rel=\"noopener\">https:\/\/ijhmreview.org\/ijhmreview\/article\/view\/229<\/a><\/li>\n<li>\u00a0Japiassu, R B ; Abi Rached, Chennyfer Dobbins . COMO A ESTRAT\u00c9GIA DE SA\u00daDE DA FAM\u00cdLIA PODE SER CONSIDERADA FERRAMENTA DE APOIO NO COMBATE AO COVID-19?. INTERNATIONAL JOURNAL OF DEVELOPMENT RESEARCH, v. 10, p. 36069-36074, 2020. <a href=\"http:\/\/www.journalijdr.com\/como-estrat%C3%A9gia-de-sa%C3%BAde-da-fam%C3%ADlia-pode-ser-considerada-ferramenta-de-apoio-no-combate-ao-covid-19\" target=\"_blank\" rel=\"noopener\">http:\/\/www.journalijdr.com\/como-estrat%C3%A9gia-de-sa%C3%BAde-da-fam%C3%ADlia-pode-ser-considerada-ferramenta-de-apoio-no-combate-ao-covid-19<\/a><\/li>\n<li>\u00a0Japiassu, R B ; Rached, C D A . O enfermeiro l\u00edder em coaching: revis\u00e3o das principais considera\u00e7\u00f5es cient\u00edficas. INTERNATIONAL JOURNAL OF DEVELOPMENT RESEARCH, v. 10, p. 36782-36784, 2020. <a href=\"https:\/\/www.journalijdr.com\/o-enfermeiro-l%C3%ADder-em-coaching-revis%C3%A3o-das-principais-considera%C3%A7%C3%B5es-cient%C3%ADficas\" target=\"_blank\" rel=\"noopener\">https:\/\/www.journalijdr.com\/o-enfermeiro-l%C3%ADder-em-coaching-revis%C3%A3o-das-principais-considera%C3%A7%C3%B5es-cient%C3%ADficas<\/a><\/li>\n<\/ul>\n<p>[\/et_pb_text][\/et_pb_column][\/et_pb_row][\/et_pb_section]<\/p>\n","protected":false},"excerpt":{"rendered":"<p>Rached, C. D. A; CRUZ, E. A. A. ; MOTA, M. H. C. ; PAULO, C. S. F. ; AMARAL, GIOVANNA MICUCCI PIRES ; NAKAJIMA, D. L. Nursing students perception: Escape Room use in teaching leadership skills. REVISTA BRASILEIRA DE ENFERMAGEM, v. 77, p. 1-9, 2024. https:\/\/www.scielo.br\/j\/reben\/a\/G9S783WKmkYWNzBMKNKWrdN\/?lang=en SANTOS, GABRIEL AUGUSTO CORDEIRO DOS ; PINHEIRO, PAULO [&hellip;]<\/p>\n","protected":false},"author":1,"featured_media":0,"parent":0,"menu_order":0,"comment_status":"closed","ping_status":"closed","template":"","meta":{"_et_pb_use_builder":"on","_et_pb_old_content":"","_et_gb_content_width":"","footnotes":""},"class_list":["post-80","page","type-page","status-publish","hentry"],"_links":{"self":[{"href":"https:\/\/licoenf.com\/es\/wp-json\/wp\/v2\/pages\/80","targetHints":{"allow":["GET"]}}],"collection":[{"href":"https:\/\/licoenf.com\/es\/wp-json\/wp\/v2\/pages"}],"about":[{"href":"https:\/\/licoenf.com\/es\/wp-json\/wp\/v2\/types\/page"}],"author":[{"embeddable":true,"href":"https:\/\/licoenf.com\/es\/wp-json\/wp\/v2\/users\/1"}],"replies":[{"embeddable":true,"href":"https:\/\/licoenf.com\/es\/wp-json\/wp\/v2\/comments?post=80"}],"version-history":[{"count":6,"href":"https:\/\/licoenf.com\/es\/wp-json\/wp\/v2\/pages\/80\/revisions"}],"predecessor-version":[{"id":313,"href":"https:\/\/licoenf.com\/es\/wp-json\/wp\/v2\/pages\/80\/revisions\/313"}],"wp:attachment":[{"href":"https:\/\/licoenf.com\/es\/wp-json\/wp\/v2\/media?parent=80"}],"curies":[{"name":"wp","href":"https:\/\/api.w.org\/{rel}","templated":true}]}}