{"id":82,"date":"2024-09-04T08:36:00","date_gmt":"2024-09-04T11:36:00","guid":{"rendered":"https:\/\/licoenf.com\/es\/?page_id=82"},"modified":"2024-10-08T09:48:45","modified_gmt":"2024-10-08T12:48:45","slug":"projetos-de-ensino","status":"publish","type":"page","link":"https:\/\/licoenf.com\/es\/projetos\/projetos-de-ensino\/","title":{"rendered":"Projetos de Ensino"},"content":{"rendered":"<p>[et_pb_section fb_built=\u00bb1&#8243; _builder_version=\u00bb4.27.0&#8243; _module_preset=\u00bbdefault\u00bb global_colors_info=\u00bb{}\u00bb][et_pb_row _builder_version=\u00bb4.27.0&#8243; _module_preset=\u00bbdefault\u00bb global_colors_info=\u00bb{}\u00bb][et_pb_column type=\u00bb4_4&#8243; _builder_version=\u00bb4.27.0&#8243; _module_preset=\u00bbdefault\u00bb global_colors_info=\u00bb{}\u00bb][et_pb_cta title=\u00bbProyectos Docentes\u00bb button_text=\u00bbCliques\u00bb _builder_version=\u00bb4.27.0&#8243; _module_preset=\u00bb41ea737b-b9b7-4c51-a57b-aecb354cd800&#8243; background_color=\u00bb#3259A0&#8243; global_colors_info=\u00bb{}\u00bb][\/et_pb_cta][et_pb_image src=\u00bbhttps:\/\/licoenf.com\/es\/wp-content\/uploads\/sites\/5\/2024\/10\/to-learn-4226948_1280-e1728079155201.jpg\u00bb title_text=\u00bbto-learn-4226948_1280&#8243; _builder_version=\u00bb4.27.2&#8243; _module_preset=\u00bbdefault\u00bb custom_margin=\u00bb||0px|||\u00bb global_colors_info=\u00bb{}\u00bb][\/et_pb_image][et_pb_text _builder_version=\u00bb4.27.2&#8243; _module_preset=\u00bbdefault\u00bb text_font_size=\u00bb12px\u00bb global_colors_info=\u00bb{}\u00bb]<\/p>\n<p>Imagem de <a href=\"https:\/\/pixabay.com\/pt\/users\/geralt-9301\/?utm_source=link-attribution&amp;utm_medium=referral&amp;utm_campaign=image&amp;utm_content=1607208\">Gerd Altmann<\/a> por <a href=\"https:\/\/pixabay.com\/pt\/\/?utm_source=link-attribution&amp;utm_medium=referral&amp;utm_campaign=image&amp;utm_content=1607208\">Pixabay<\/a><\/p>\n<p>[\/et_pb_text][et_pb_cta title=\u00bbProyectos en Curso\u00bb button_text=\u00bbCliques\u00bb _builder_version=\u00bb4.27.2&#8243; _module_preset=\u00bb41ea737b-b9b7-4c51-a57b-aecb354cd800&#8243; background_color=\u00bb#5692CE\u00bb global_colors_info=\u00bb{}\u00bb][\/et_pb_cta][et_pb_accordion _builder_version=\u00bb4.27.2&#8243; _module_preset=\u00bbdefault\u00bb hover_enabled=\u00bb0&#8243; global_colors_info=\u00bb{}\u00bb sticky_enabled=\u00bb0&#8243;][et_pb_accordion_item open=\u00bbon\u00bb _builder_version=\u00bb4.27.2&#8243; _module_preset=\u00bbdefault\u00bb custom_css_free_form=\u00bbselector {||  display: none;||}\u00bb global_colors_info=\u00bb{}\u00bb][\/et_pb_accordion_item][et_pb_accordion_item title=\u00bbEstilos de Liderazgo de los Profesores de Enfermer\u00eda de la Universidade de S\u00e3o Paulo: transformando los sistemas educativos con eficiencia y calidad.\u00bb _builder_version=\u00bb4.27.2&#8243; _module_preset=\u00bbdefault\u00bb hover_enabled=\u00bb0&#8243; global_colors_info=\u00bb{}\u00bb open=\u00bboff\u00bb sticky_enabled=\u00bb0&#8243;]<\/p>\n<p><strong><span>Descripci\u00f3n:<\/span><\/strong><span> Programa Institucional de Becas de Iniciaci\u00f3n Cient\u00edfica (en portugu\u00e9s, PIBIC &#8211; <em>Programa Institucional de Bolsas de Inicia\u00e7\u00e3o Cient\u00edfica<\/em>) 2021\/2022. El estudio tiene como objeto al profesor en el rol de l\u00edder del curso de enfermer\u00eda de la Universidad de S\u00e3o Paulo (USP). <\/span><\/p>\n<p><span>2021-2022 &#8211; Programa Unificado de Becas de Apoyo y Formaci\u00f3n de Estudiantes de Pregrado (en portugu\u00e9s, PUB-USP &#8211; <em>Programa Unificado de Bolsas de Estudo Para Apoio e Forma\u00e7\u00e3o de Estudantes de Gradua\u00e7\u00e3o<\/em>).<\/span><\/p>\n<p>[\/et_pb_accordion_item][et_pb_accordion_item title=\u00bbEvaluaci\u00f3n de la ense\u00f1anza-aprendizaje de habilidades de liderazgo de estudiantes de enfermer\u00eda formados en un entorno simulado de alta fidelidad.\u00bb _builder_version=\u00bb4.27.2&#8243; _module_preset=\u00bbdefault\u00bb hover_enabled=\u00bb0&#8243; global_colors_info=\u00bb{}\u00bb open=\u00bboff\u00bb sticky_enabled=\u00bb0&#8243;]<\/p>\n<p><strong>Descripci\u00f3n:<\/strong> El objetivo de este proyecto es medir aspectos de la estructura y percepci\u00f3n de la ense\u00f1anza-aprendizaje de habilidades de liderazgo de estudiantes de enfermer\u00eda formados en un entorno simulado de alta fidelidad. Para ello, se realizar\u00e1 un estudio cuantitativo transversal, que se est\u00e1 desarrollando en un laboratorio de simulaci\u00f3n realista de alto rendimiento de la Universidad de Florida y de la Escuela de Enfermer\u00eda de la USP.<\/p>\n<p>Se utilizan escenarios de simulaci\u00f3n cl\u00ednica, donde se enumeran las habilidades de liderazgo que los enfermeros necesitan tener. Para medir los aspectos did\u00e1cticos\/escenarios, se aplican cuatro escalas americanas que han sido validadas para Brasil:<\/p>\n<ol>\n<li>Satisfacci\u00f3n de los estudiantes y autoconfianza en el aprendizaje,<\/li>\n<li>Escala de experiencia de debriefing,<\/li>\n<li>Escala de dise\u00f1o de simulaci\u00f3n y<\/li>\n<li>Cuestionario de pr\u00e1cticas educativas.<\/li>\n<\/ol>\n<p>Se espera consolidar, reforzar y fortalecer el potencial del uso de estrategias de simulaci\u00f3n cl\u00ednica para el desarrollo de habilidades de liderazgo, comprendiendo caracter\u00edsticas espec\u00edficas sobre la forma en que el individuo asimila el escenario de simulaci\u00f3n cl\u00ednica, fortaleciendo esta estrategia de ense\u00f1anza y contribuyendo al desarrollo de \u00edtems espec\u00edficos de la estrategia.<\/p>\n<p>[\/et_pb_accordion_item][\/et_pb_accordion][et_pb_cta title=\u00bbProyectos Completados\u00bb button_text=\u00bbCliques\u00bb _builder_version=\u00bb4.27.0&#8243; _module_preset=\u00bb41ea737b-b9b7-4c51-a57b-aecb354cd800&#8243; background_color=\u00bb#12876F\u00bb global_colors_info=\u00bb{}\u00bb][\/et_pb_cta][et_pb_accordion _builder_version=\u00bb4.27.2&#8243; _module_preset=\u00bbdefault\u00bb global_colors_info=\u00bb{}\u00bb][et_pb_accordion_item open=\u00bbon\u00bb _builder_version=\u00bb4.27.2&#8243; _module_preset=\u00bbdefault\u00bb custom_css_free_form=\u00bbselector {||  display: none;||}\u00bb global_colors_info=\u00bb{}\u00bb][\/et_pb_accordion_item][et_pb_accordion_item title=\u00bbDesarrollar Proyecto: Liderazgo y Pedagog\u00eda del Movimiento \u00bb _builder_version=\u00bb4.27.2&#8243; _module_preset=\u00bbdefault\u00bb global_colors_info=\u00bb{}\u00bb open=\u00bboff\u00bb]<\/p>\n<p><strong><span>Descripci\u00f3n:<\/span><\/strong><span> El objeto de este proyecto docente es la ense\u00f1anza y aprendizaje del liderazgo en la carrera de enfermer\u00eda. La formaci\u00f3n de los profesionales de enfermer\u00eda est\u00e1 guiada por el proceso hist\u00f3rico, pol\u00edtico y social de un per\u00edodo, donde las pol\u00edticas p\u00fablicas son las que orientan la estructuraci\u00f3n de la ense\u00f1anza. As\u00ed, se observa que la formaci\u00f3n de profesionales de la salud requiere el desarrollo de habilidades, siendo destacadas como una de las habilidades en las Directrices Curriculares Nacionales (en portugu\u00e9s, DCN &#8211; <em>Diretrizes Curriculares Nacionais<\/em>) para el ejercicio del liderazgo en enfermer\u00eda. <\/span><\/p>\n<p><span>A Lideran\u00e7a \u00e9 a capacidade de influenciar pessoas, habilidade que pode e deve ser desenvolvida nas pr\u00e1ticas esportivas. En el deporte no faltan ejemplos de grandes personalidades que destacaron por su capacidad de liderazgo y marcaron su nombre en la historia con t\u00edtulos, trofeos y r\u00e9cords. <\/span><\/p>\n<p><span>Hay varios nombres de grandes dirigentes deportivos tanto en Brasil como en el extranjero y en diferentes modalidades, y Bernardinho (voleibol), Marta (f\u00fatbol), Roger Federer (tenis) y Amyr Klink (marinera) son algunos ejemplos. Las caracter\u00edsticas de personalidad de los individuos pueden adaptarse o no para que se conviertan en buenos l\u00edderes4. En este contexto, los valores humanos pueden afectar el comportamiento de un individuo. <\/span><\/p>\n<p><span>Por lo tanto, es posible suponer que tambi\u00e9n pueden influir en las actitudes hacia los estilos de liderazgo y el comportamiento del l\u00edder en un contexto organizacional o de servicios de salud. Por lo tanto, se espera que la aplicaci\u00f3n de la pedagog\u00eda del deporte y el movimiento pueda contribuir a la formaci\u00f3n de los estudiantes en cuanto al desarrollo del liderazgo y las relaciones interpersonales, y el proceso de trabajar\/convivir con las pr\u00e1cticas corporales tendr\u00e1 como objetivo mejorar la calidad de la percepci\u00f3n corporal con el consecuente avance en acciones\/interacciones con el mundo real. <\/span><\/p>\n<p><span>2022-2023 &#8211; Programa Unificado de Becas de Apoyo y Formaci\u00f3n de Estudiantes de Pregrado (en portugu\u00e9s, PUB-USP &#8211; <em>Programa Unificado de Bolsas de Estudo Para Apoio e Forma\u00e7\u00e3o de Estudantes de Gradua\u00e7\u00e3o<\/em>).<\/span><\/p>\n<p>[\/et_pb_accordion_item][\/et_pb_accordion][\/et_pb_column][\/et_pb_row][\/et_pb_section]<\/p>\n","protected":false},"excerpt":{"rendered":"<p>Imagem de Gerd Altmann por PixabayDescripci\u00f3n: Programa Institucional de Becas de Iniciaci\u00f3n Cient\u00edfica (en portugu\u00e9s, PIBIC &#8211; Programa Institucional de Bolsas de Inicia\u00e7\u00e3o Cient\u00edfica) 2021\/2022. El estudio tiene como objeto al profesor en el rol de l\u00edder del curso de enfermer\u00eda de la Universidad de S\u00e3o Paulo (USP). 2021-2022 &#8211; Programa Unificado de Becas de [&hellip;]<\/p>\n","protected":false},"author":1,"featured_media":0,"parent":101,"menu_order":0,"comment_status":"closed","ping_status":"closed","template":"","meta":{"_et_pb_use_builder":"on","_et_pb_old_content":"","_et_gb_content_width":"","footnotes":""},"class_list":["post-82","page","type-page","status-publish","hentry"],"_links":{"self":[{"href":"https:\/\/licoenf.com\/es\/wp-json\/wp\/v2\/pages\/82","targetHints":{"allow":["GET"]}}],"collection":[{"href":"https:\/\/licoenf.com\/es\/wp-json\/wp\/v2\/pages"}],"about":[{"href":"https:\/\/licoenf.com\/es\/wp-json\/wp\/v2\/types\/page"}],"author":[{"embeddable":true,"href":"https:\/\/licoenf.com\/es\/wp-json\/wp\/v2\/users\/1"}],"replies":[{"embeddable":true,"href":"https:\/\/licoenf.com\/es\/wp-json\/wp\/v2\/comments?post=82"}],"version-history":[{"count":8,"href":"https:\/\/licoenf.com\/es\/wp-json\/wp\/v2\/pages\/82\/revisions"}],"predecessor-version":[{"id":327,"href":"https:\/\/licoenf.com\/es\/wp-json\/wp\/v2\/pages\/82\/revisions\/327"}],"up":[{"embeddable":true,"href":"https:\/\/licoenf.com\/es\/wp-json\/wp\/v2\/pages\/101"}],"wp:attachment":[{"href":"https:\/\/licoenf.com\/es\/wp-json\/wp\/v2\/media?parent=82"}],"curies":[{"name":"wp","href":"https:\/\/api.w.org\/{rel}","templated":true}]}}